{"id":26,"date":"2025-06-10T19:17:49","date_gmt":"2025-06-10T19:17:49","guid":{"rendered":"https:\/\/renboy.com.tr\/?page_id=26"},"modified":"2025-06-20T21:44:52","modified_gmt":"2025-06-20T21:44:52","slug":"iletisim","status":"publish","type":"page","link":"https:\/\/renboy.com.tr\/index.php\/iletisim\/","title":{"rendered":"\u0130leti\u015fim"},"content":{"rendered":"\t\t<div data-elementor-type=\"wp-page\" data-elementor-id=\"26\" class=\"elementor elementor-26\">\n\t\t\t\t<div class=\"elementor-element elementor-element-594901e2 e-flex e-con-boxed e-con e-parent\" data-id=\"594901e2\" data-element_type=\"container\">\n\t\t\t\t\t<div class=\"e-con-inner\">\n\t\t\t\t<div class=\"elementor-element elementor-element-2512455c elementor-widget elementor-widget-text-editor\" data-id=\"2512455c\" data-element_type=\"widget\" data-widget_type=\"text-editor.default\">\n\t\t\t\t<div class=\"elementor-widget-container\">\n\t\t\t\t\t\t\t\t\t<h2>\u00a0<\/h2><h2>Ula\u015f Mah. motor Yerleri Mevkii No:5-1<\/h2><h2>Ergene \/ Tekirda\u011f \/ T\u00fcrkiye<\/h2><h2>0 282 673 41 43<\/h2><div><h2 style=\"font-style: normal; font-variant-ligatures: normal; font-variant-caps: normal;\"><a style=\"color: #0f8b8d; outline: 0px; transition-property: all;\" href=\"https:\/\/maps.app.goo.gl\/eEv9dqLqGxXojkDw6\" target=\"_blank\" rel=\"noopener\">Konum i\u00e7in t\u0131klay\u0131n\u0131z.<\/a><\/h2><\/div>\t\t\t\t\t\t\t\t<\/div>\n\t\t\t\t<\/div>\n\t\t\t\t\t<\/div>\n\t\t\t\t<\/div>\n\t\t<div class=\"elementor-element elementor-element-b14eda6 e-flex e-con-boxed e-con e-parent\" data-id=\"b14eda6\" data-element_type=\"container\">\n\t\t\t\t\t<div class=\"e-con-inner\">\n\t\t\t\t<div class=\"elementor-element elementor-element-db53fee elementor-widget elementor-widget-google_maps\" data-id=\"db53fee\" data-element_type=\"widget\" data-widget_type=\"google_maps.default\">\n\t\t\t\t<div class=\"elementor-widget-container\">\n\t\t\t\t\t\t\t<div class=\"elementor-custom-embed\">\n\t\t\t<iframe loading=\"lazy\"\n\t\t\t\t\tsrc=\"https:\/\/maps.google.com\/maps?q=do%C4%9Fan%20mekatronik&#038;t=m&#038;z=10&#038;output=embed&#038;iwloc=near\"\n\t\t\t\t\ttitle=\"do\u011fan mekatronik\"\n\t\t\t\t\taria-label=\"do\u011fan mekatronik\"\n\t\t\t><\/iframe>\n\t\t<\/div>\n\t\t\t\t\t\t<\/div>\n\t\t\t\t<\/div>\n\t\t\t\t\t<\/div>\n\t\t\t\t<\/div>\n\t\t\t\t<\/div>\n\t\t","protected":false},"excerpt":{"rendered":"<p>\u00a0 Ula\u015f Mah. motor Yerleri Mevkii No:5-1 Ergene \/ Tekirda\u011f \/ T\u00fcrkiye 0 282 673 41 43 Konum i\u00e7in t\u0131klay\u0131n\u0131z.<\/p>\n","protected":false},"author":1,"featured_media":168,"parent":0,"menu_order":0,"comment_status":"closed","ping_status":"closed","template":"","meta":{"footnotes":""},"class_list":["post-26","page","type-page","status-publish","has-post-thumbnail","hentry"],"yoast_head":"<!-- This site is optimized with the Yoast SEO plugin v25.3.1 - https:\/\/yoast.com\/wordpress\/plugins\/seo\/ -->\n<title>\u0130leti\u015fim - RENBOY<\/title>\n<meta name=\"robots\" content=\"index, follow, max-snippet:-1, max-image-preview:large, max-video-preview:-1\" \/>\n<link rel=\"canonical\" href=\"https:\/\/renboy.com.tr\/index.php\/iletisim\/\" \/>\n<meta property=\"og:locale\" content=\"tr_TR\" \/>\n<meta property=\"og:type\" content=\"article\" \/>\n<meta property=\"og:title\" content=\"\u0130leti\u015fim - RENBOY\" \/>\n<meta property=\"og:description\" content=\"\u00a0 Ula\u015f Mah. motor Yerleri Mevkii No:5-1 Ergene \/ Tekirda\u011f \/ T\u00fcrkiye 0 282 673 41 43 Konum i\u00e7in t\u0131klay\u0131n\u0131z.\" \/>\n<meta property=\"og:url\" content=\"https:\/\/renboy.com.tr\/index.php\/iletisim\/\" \/>\n<meta property=\"og:site_name\" content=\"RENBOY\" \/>\n<meta property=\"article:modified_time\" content=\"2025-06-20T21:44:52+00:00\" \/>\n<meta property=\"og:image\" content=\"https:\/\/renboy.com.tr\/wp-content\/uploads\/2025\/06\/fabrika-scaled.jpg\" \/>\n\t<meta property=\"og:image:width\" content=\"2560\" \/>\n\t<meta property=\"og:image:height\" content=\"1707\" \/>\n\t<meta property=\"og:image:type\" content=\"image\/jpeg\" \/>\n<meta name=\"twitter:card\" content=\"summary_large_image\" \/>\n<meta name=\"twitter:label1\" content=\"Tahmini okuma s\u00fcresi\" \/>\n\t<meta name=\"twitter:data1\" content=\"1 dakika\" \/>\n<script type=\"application\/ld+json\" class=\"yoast-schema-graph\">{\"@context\":\"https:\/\/schema.org\",\"@graph\":[{\"@type\":\"WebPage\",\"@id\":\"https:\/\/renboy.com.tr\/index.php\/iletisim\/\",\"url\":\"https:\/\/renboy.com.tr\/index.php\/iletisim\/\",\"name\":\"\u0130leti\u015fim - RENBOY\",\"isPartOf\":{\"@id\":\"https:\/\/renboy.com.tr\/#website\"},\"primaryImageOfPage\":{\"@id\":\"https:\/\/renboy.com.tr\/index.php\/iletisim\/#primaryimage\"},\"image\":{\"@id\":\"https:\/\/renboy.com.tr\/index.php\/iletisim\/#primaryimage\"},\"thumbnailUrl\":\"https:\/\/renboy.com.tr\/wp-content\/uploads\/2025\/06\/fabrika-scaled.jpg\",\"datePublished\":\"2025-06-10T19:17:49+00:00\",\"dateModified\":\"2025-06-20T21:44:52+00:00\",\"breadcrumb\":{\"@id\":\"https:\/\/renboy.com.tr\/index.php\/iletisim\/#breadcrumb\"},\"inLanguage\":\"tr\",\"potentialAction\":[{\"@type\":\"ReadAction\",\"target\":[\"https:\/\/renboy.com.tr\/index.php\/iletisim\/\"]}]},{\"@type\":\"ImageObject\",\"inLanguage\":\"tr\",\"@id\":\"https:\/\/renboy.com.tr\/index.php\/iletisim\/#primaryimage\",\"url\":\"https:\/\/renboy.com.tr\/wp-content\/uploads\/2025\/06\/fabrika-scaled.jpg\",\"contentUrl\":\"https:\/\/renboy.com.tr\/wp-content\/uploads\/2025\/06\/fabrika-scaled.jpg\",\"width\":2560,\"height\":1707},{\"@type\":\"BreadcrumbList\",\"@id\":\"https:\/\/renboy.com.tr\/index.php\/iletisim\/#breadcrumb\",\"itemListElement\":[{\"@type\":\"ListItem\",\"position\":1,\"name\":\"Anasayfa\",\"item\":\"https:\/\/renboy.com.tr\/\"},{\"@type\":\"ListItem\",\"position\":2,\"name\":\"\u0130leti\u015fim\"}]},{\"@type\":\"WebSite\",\"@id\":\"https:\/\/renboy.com.tr\/#website\",\"url\":\"https:\/\/renboy.com.tr\/\",\"name\":\"RENBOY\",\"description\":\"\",\"potentialAction\":[{\"@type\":\"SearchAction\",\"target\":{\"@type\":\"EntryPoint\",\"urlTemplate\":\"https:\/\/renboy.com.tr\/?s={search_term_string}\"},\"query-input\":{\"@type\":\"PropertyValueSpecification\",\"valueRequired\":true,\"valueName\":\"search_term_string\"}}],\"inLanguage\":\"tr\"}]}<\/script>\n<!-- \/ Yoast SEO plugin. -->","yoast_head_json":{"title":"\u0130leti\u015fim - RENBOY","robots":{"index":"index","follow":"follow","max-snippet":"max-snippet:-1","max-image-preview":"max-image-preview:large","max-video-preview":"max-video-preview:-1"},"canonical":"https:\/\/renboy.com.tr\/index.php\/iletisim\/","og_locale":"tr_TR","og_type":"article","og_title":"\u0130leti\u015fim - RENBOY","og_description":"\u00a0 Ula\u015f Mah. motor Yerleri Mevkii No:5-1 Ergene \/ Tekirda\u011f \/ T\u00fcrkiye 0 282 673 41 43 Konum i\u00e7in t\u0131klay\u0131n\u0131z.","og_url":"https:\/\/renboy.com.tr\/index.php\/iletisim\/","og_site_name":"RENBOY","article_modified_time":"2025-06-20T21:44:52+00:00","og_image":[{"width":2560,"height":1707,"url":"https:\/\/renboy.com.tr\/wp-content\/uploads\/2025\/06\/fabrika-scaled.jpg","type":"image\/jpeg"}],"twitter_card":"summary_large_image","twitter_misc":{"Tahmini okuma s\u00fcresi":"1 dakika"},"schema":{"@context":"https:\/\/schema.org","@graph":[{"@type":"WebPage","@id":"https:\/\/renboy.com.tr\/index.php\/iletisim\/","url":"https:\/\/renboy.com.tr\/index.php\/iletisim\/","name":"\u0130leti\u015fim - RENBOY","isPartOf":{"@id":"https:\/\/renboy.com.tr\/#website"},"primaryImageOfPage":{"@id":"https:\/\/renboy.com.tr\/index.php\/iletisim\/#primaryimage"},"image":{"@id":"https:\/\/renboy.com.tr\/index.php\/iletisim\/#primaryimage"},"thumbnailUrl":"https:\/\/renboy.com.tr\/wp-content\/uploads\/2025\/06\/fabrika-scaled.jpg","datePublished":"2025-06-10T19:17:49+00:00","dateModified":"2025-06-20T21:44:52+00:00","breadcrumb":{"@id":"https:\/\/renboy.com.tr\/index.php\/iletisim\/#breadcrumb"},"inLanguage":"tr","potentialAction":[{"@type":"ReadAction","target":["https:\/\/renboy.com.tr\/index.php\/iletisim\/"]}]},{"@type":"ImageObject","inLanguage":"tr","@id":"https:\/\/renboy.com.tr\/index.php\/iletisim\/#primaryimage","url":"https:\/\/renboy.com.tr\/wp-content\/uploads\/2025\/06\/fabrika-scaled.jpg","contentUrl":"https:\/\/renboy.com.tr\/wp-content\/uploads\/2025\/06\/fabrika-scaled.jpg","width":2560,"height":1707},{"@type":"BreadcrumbList","@id":"https:\/\/renboy.com.tr\/index.php\/iletisim\/#breadcrumb","itemListElement":[{"@type":"ListItem","position":1,"name":"Anasayfa","item":"https:\/\/renboy.com.tr\/"},{"@type":"ListItem","position":2,"name":"\u0130leti\u015fim"}]},{"@type":"WebSite","@id":"https:\/\/renboy.com.tr\/#website","url":"https:\/\/renboy.com.tr\/","name":"RENBOY","description":"","potentialAction":[{"@type":"SearchAction","target":{"@type":"EntryPoint","urlTemplate":"https:\/\/renboy.com.tr\/?s={search_term_string}"},"query-input":{"@type":"PropertyValueSpecification","valueRequired":true,"valueName":"search_term_string"}}],"inLanguage":"tr"}]}},"_links":{"self":[{"href":"https:\/\/renboy.com.tr\/index.php\/wp-json\/wp\/v2\/pages\/26","targetHints":{"allow":["GET"]}}],"collection":[{"href":"https:\/\/renboy.com.tr\/index.php\/wp-json\/wp\/v2\/pages"}],"about":[{"href":"https:\/\/renboy.com.tr\/index.php\/wp-json\/wp\/v2\/types\/page"}],"author":[{"embeddable":true,"href":"https:\/\/renboy.com.tr\/index.php\/wp-json\/wp\/v2\/users\/1"}],"replies":[{"embeddable":true,"href":"https:\/\/renboy.com.tr\/index.php\/wp-json\/wp\/v2\/comments?post=26"}],"version-history":[{"count":17,"href":"https:\/\/renboy.com.tr\/index.php\/wp-json\/wp\/v2\/pages\/26\/revisions"}],"predecessor-version":[{"id":58,"href":"https:\/\/renboy.com.tr\/index.php\/wp-json\/wp\/v2\/pages\/26\/revisions\/58"}],"wp:featuredmedia":[{"embeddable":true,"href":"https:\/\/renboy.com.tr\/index.php\/wp-json\/wp\/v2\/media\/168"}],"wp:attachment":[{"href":"https:\/\/renboy.com.tr\/index.php\/wp-json\/wp\/v2\/media?parent=26"}],"curies":[{"name":"wp","href":"https:\/\/api.w.org\/{rel}","templated":true}]}}