{"id":2,"date":"2025-05-28T10:39:11","date_gmt":"2025-05-28T10:39:11","guid":{"rendered":"https:\/\/renboy.com.tr\/?page_id=2"},"modified":"2025-06-15T14:28:46","modified_gmt":"2025-06-15T14:28:46","slug":"sample-page","status":"publish","type":"page","link":"https:\/\/renboy.com.tr\/index.php\/sample-page\/","title":{"rendered":"Hakk\u0131m\u0131zda"},"content":{"rendered":"<p><strong><em>RENBOY, DO\u011eAN MEKATRON\u0130K markas\u0131d\u0131r.<\/em><\/strong><\/p>\n<p><strong><em>\u00a0<\/em><\/strong><\/p>\n<ul>\n<li><strong>Paketleme makineleri imalat\u0131.<\/strong><\/li>\n<li><strong>Seri \u00fcretimi olmayan her t\u00fcrl\u00fc makinenin;<\/strong><\/li>\n<\/ul>\n<p><strong>\u00a0\u00a0\u00a0\u00a0 \u00a0\u00a0\u00a0\u00a0\u00a0\u00a0\u00a0\u00a0\u00a0\u00a0\u00a0M\u00fchendisli\u011fi<\/strong><\/p>\n<p><strong>\u00a0\u00a0\u00a0\u00a0\u00a0 \u00a0\u00a0\u00a0\u00a0\u00a0\u00a0\u00a0\u00a0\u00a0\u00a0Tasar\u0131m\u0131<\/strong><\/p>\n<p><strong>\u00a0\u00a0\u00a0\u00a0 \u00a0\u00a0\u00a0\u00a0\u00a0\u00a0\u00a0\u00a0\u00a0\u00a0\u00a0\u0130malat\u0131 (anahtar teslimi makine imalat\u0131.)<\/strong><\/p>\n<p><strong>\u00a0 \u00a0 \u00a0 \u00a0<\/strong><\/p>\n<ul>\n<li><strong>Do\u011fan Mekatronik\u2019in temelleri 1998 y\u0131l\u0131nda at\u0131ld\u0131. End\u00fcstriyel \u00fcretim yapan firmalar\u0131n ihtiya\u00e7lar\u0131na y\u00f6nelik m\u00fchendislik \u00e7al\u0131\u015fmalar\u0131 yap\u0131ld\u0131.<\/strong><\/li>\n<li><strong>2010 y\u0131l\u0131nda Tekirda\u011f\u2019\u0131n \u00c7orlu \u0130l\u00e7esinde, yapt\u0131\u011f\u0131 yat\u0131r\u0131mlarla \u00fcretim alan\u0131na giri\u015f yapt\u0131.<\/strong><strong> End\u00fcstriyel \u00fcretim yapan firmalara, geli\u015ftirdi\u011fi makine projeleri ile de\u011fer katmaya devam etti ve ediyor.<\/strong><\/li>\n<li><strong>2021 y\u0131l\u0131nda 3800 <\/strong><strong>\ud835\udc5a\ud835\udc5a<\/strong><strong>2\u2032<\/strong><strong>\ud835\udc60\ud835\udc60\ud835\udc60\ud835\udc60<\/strong><strong> kapal\u0131 alan olmak \u00fczere toplam 4850 <\/strong><strong>\ud835\udc5a\ud835\udc5a<\/strong><strong>2 alan \u00fczerine in\u015fa edilen Ergene\u2019deki yeni fabrikas\u0131na ta\u015f\u0131nd\u0131.<\/strong><\/li>\n<li><strong>Firmam\u0131z\u0131n 112 \u00e7al\u0131\u015fan\u0131 vard\u0131r. Bu \u00e7al\u0131\u015fanlar\u0131n 20\u2019si beyaz yaka \u00e7al\u0131\u015fan, 12\u2019si ise m\u00fchendis kadrosundan olu\u015fmaktad\u0131r.<\/strong><\/li>\n<li><strong>Firmam\u0131z yurt d\u0131\u015f\u0131ndaki ve yurt i\u00e7indeki m\u00fc\u015fterilerine a\u015fa\u011f\u0131daki yaz\u0131l\u0131 hizmetleri vermektedir.<\/strong><\/li>\n<li><strong>Firmam\u0131z\u0131n tescilli ve ba\u015fvuru durumundaki patent say\u0131s\u0131 3, tescilli marka say\u0131s\u0131 2\u2019dir.<\/strong><\/li>\n<li><strong>1 adet kapat\u0131lmas\u0131 yap\u0131lm\u0131\u015f, 1 adet ise aktif yat\u0131r\u0131m te\u015fvik belgesi mevcuttur.<\/strong><\/li>\n<\/ul>\n","protected":false},"excerpt":{"rendered":"<p>RENBOY, DO\u011eAN MEKATRON\u0130K markas\u0131d\u0131r. \u00a0 Paketleme makineleri imalat\u0131. Seri \u00fcretimi olmayan her t\u00fcrl\u00fc makinenin; \u00a0\u00a0\u00a0\u00a0 \u00a0\u00a0\u00a0\u00a0\u00a0\u00a0\u00a0\u00a0\u00a0\u00a0\u00a0M\u00fchendisli\u011fi \u00a0\u00a0\u00a0\u00a0\u00a0 \u00a0\u00a0\u00a0\u00a0\u00a0\u00a0\u00a0\u00a0\u00a0\u00a0Tasar\u0131m\u0131 \u00a0\u00a0\u00a0\u00a0 \u00a0\u00a0\u00a0\u00a0\u00a0\u00a0\u00a0\u00a0\u00a0\u00a0\u00a0\u0130malat\u0131 (anahtar teslimi makine imalat\u0131.) \u00a0 &hellip;<\/p>\n","protected":false},"author":1,"featured_media":60,"parent":0,"menu_order":0,"comment_status":"closed","ping_status":"open","template":"","meta":{"footnotes":""},"class_list":["post-2","page","type-page","status-publish","has-post-thumbnail","hentry"],"yoast_head":"<!-- This site is optimized with the Yoast SEO plugin v25.3.1 - https:\/\/yoast.com\/wordpress\/plugins\/seo\/ -->\n<title>Hakk\u0131m\u0131zda - RENBOY<\/title>\n<meta name=\"robots\" content=\"index, follow, max-snippet:-1, max-image-preview:large, max-video-preview:-1\" \/>\n<link rel=\"canonical\" href=\"https:\/\/renboy.com.tr\/index.php\/sample-page\/\" \/>\n<meta property=\"og:locale\" content=\"tr_TR\" \/>\n<meta property=\"og:type\" content=\"article\" \/>\n<meta property=\"og:title\" content=\"Hakk\u0131m\u0131zda - RENBOY\" \/>\n<meta property=\"og:description\" content=\"RENBOY, DO\u011eAN MEKATRON\u0130K markas\u0131d\u0131r. \u00a0 Paketleme makineleri imalat\u0131. Seri \u00fcretimi olmayan her t\u00fcrl\u00fc makinenin; \u00a0\u00a0\u00a0\u00a0 \u00a0\u00a0\u00a0\u00a0\u00a0\u00a0\u00a0\u00a0\u00a0\u00a0\u00a0M\u00fchendisli\u011fi \u00a0\u00a0\u00a0\u00a0\u00a0 \u00a0\u00a0\u00a0\u00a0\u00a0\u00a0\u00a0\u00a0\u00a0\u00a0Tasar\u0131m\u0131 \u00a0\u00a0\u00a0\u00a0 \u00a0\u00a0\u00a0\u00a0\u00a0\u00a0\u00a0\u00a0\u00a0\u00a0\u00a0\u0130malat\u0131 (anahtar teslimi makine imalat\u0131.) \u00a0 &hellip;\" \/>\n<meta property=\"og:url\" content=\"https:\/\/renboy.com.tr\/index.php\/sample-page\/\" \/>\n<meta property=\"og:site_name\" content=\"RENBOY\" \/>\n<meta property=\"article:modified_time\" content=\"2025-06-15T14:28:46+00:00\" \/>\n<meta property=\"og:image\" content=\"https:\/\/renboy.com.tr\/wp-content\/uploads\/2025\/06\/fabrika-min-scaled.jpg\" \/>\n\t<meta property=\"og:image:width\" content=\"2560\" \/>\n\t<meta property=\"og:image:height\" content=\"1707\" \/>\n\t<meta property=\"og:image:type\" content=\"image\/jpeg\" \/>\n<meta name=\"twitter:card\" content=\"summary_large_image\" \/>\n<meta name=\"twitter:label1\" content=\"Tahmini okuma s\u00fcresi\" \/>\n\t<meta name=\"twitter:data1\" content=\"1 dakika\" \/>\n<script type=\"application\/ld+json\" class=\"yoast-schema-graph\">{\"@context\":\"https:\/\/schema.org\",\"@graph\":[{\"@type\":\"WebPage\",\"@id\":\"https:\/\/renboy.com.tr\/index.php\/sample-page\/\",\"url\":\"https:\/\/renboy.com.tr\/index.php\/sample-page\/\",\"name\":\"Hakk\u0131m\u0131zda - RENBOY\",\"isPartOf\":{\"@id\":\"https:\/\/renboy.com.tr\/#website\"},\"primaryImageOfPage\":{\"@id\":\"https:\/\/renboy.com.tr\/index.php\/sample-page\/#primaryimage\"},\"image\":{\"@id\":\"https:\/\/renboy.com.tr\/index.php\/sample-page\/#primaryimage\"},\"thumbnailUrl\":\"https:\/\/renboy.com.tr\/wp-content\/uploads\/2025\/06\/fabrika-min-scaled.jpg\",\"datePublished\":\"2025-05-28T10:39:11+00:00\",\"dateModified\":\"2025-06-15T14:28:46+00:00\",\"breadcrumb\":{\"@id\":\"https:\/\/renboy.com.tr\/index.php\/sample-page\/#breadcrumb\"},\"inLanguage\":\"tr\",\"potentialAction\":[{\"@type\":\"ReadAction\",\"target\":[\"https:\/\/renboy.com.tr\/index.php\/sample-page\/\"]}]},{\"@type\":\"ImageObject\",\"inLanguage\":\"tr\",\"@id\":\"https:\/\/renboy.com.tr\/index.php\/sample-page\/#primaryimage\",\"url\":\"https:\/\/renboy.com.tr\/wp-content\/uploads\/2025\/06\/fabrika-min-scaled.jpg\",\"contentUrl\":\"https:\/\/renboy.com.tr\/wp-content\/uploads\/2025\/06\/fabrika-min-scaled.jpg\",\"width\":2560,\"height\":1707},{\"@type\":\"BreadcrumbList\",\"@id\":\"https:\/\/renboy.com.tr\/index.php\/sample-page\/#breadcrumb\",\"itemListElement\":[{\"@type\":\"ListItem\",\"position\":1,\"name\":\"Anasayfa\",\"item\":\"https:\/\/renboy.com.tr\/\"},{\"@type\":\"ListItem\",\"position\":2,\"name\":\"Hakk\u0131m\u0131zda\"}]},{\"@type\":\"WebSite\",\"@id\":\"https:\/\/renboy.com.tr\/#website\",\"url\":\"https:\/\/renboy.com.tr\/\",\"name\":\"RENBOY\",\"description\":\"\",\"potentialAction\":[{\"@type\":\"SearchAction\",\"target\":{\"@type\":\"EntryPoint\",\"urlTemplate\":\"https:\/\/renboy.com.tr\/?s={search_term_string}\"},\"query-input\":{\"@type\":\"PropertyValueSpecification\",\"valueRequired\":true,\"valueName\":\"search_term_string\"}}],\"inLanguage\":\"tr\"}]}<\/script>\n<!-- \/ Yoast SEO plugin. -->","yoast_head_json":{"title":"Hakk\u0131m\u0131zda - RENBOY","robots":{"index":"index","follow":"follow","max-snippet":"max-snippet:-1","max-image-preview":"max-image-preview:large","max-video-preview":"max-video-preview:-1"},"canonical":"https:\/\/renboy.com.tr\/index.php\/sample-page\/","og_locale":"tr_TR","og_type":"article","og_title":"Hakk\u0131m\u0131zda - RENBOY","og_description":"RENBOY, DO\u011eAN MEKATRON\u0130K markas\u0131d\u0131r. \u00a0 Paketleme makineleri imalat\u0131. Seri \u00fcretimi olmayan her t\u00fcrl\u00fc makinenin; \u00a0\u00a0\u00a0\u00a0 \u00a0\u00a0\u00a0\u00a0\u00a0\u00a0\u00a0\u00a0\u00a0\u00a0\u00a0M\u00fchendisli\u011fi \u00a0\u00a0\u00a0\u00a0\u00a0 \u00a0\u00a0\u00a0\u00a0\u00a0\u00a0\u00a0\u00a0\u00a0\u00a0Tasar\u0131m\u0131 \u00a0\u00a0\u00a0\u00a0 \u00a0\u00a0\u00a0\u00a0\u00a0\u00a0\u00a0\u00a0\u00a0\u00a0\u00a0\u0130malat\u0131 (anahtar teslimi makine imalat\u0131.) \u00a0 &hellip;","og_url":"https:\/\/renboy.com.tr\/index.php\/sample-page\/","og_site_name":"RENBOY","article_modified_time":"2025-06-15T14:28:46+00:00","og_image":[{"width":2560,"height":1707,"url":"https:\/\/renboy.com.tr\/wp-content\/uploads\/2025\/06\/fabrika-min-scaled.jpg","type":"image\/jpeg"}],"twitter_card":"summary_large_image","twitter_misc":{"Tahmini okuma s\u00fcresi":"1 dakika"},"schema":{"@context":"https:\/\/schema.org","@graph":[{"@type":"WebPage","@id":"https:\/\/renboy.com.tr\/index.php\/sample-page\/","url":"https:\/\/renboy.com.tr\/index.php\/sample-page\/","name":"Hakk\u0131m\u0131zda - RENBOY","isPartOf":{"@id":"https:\/\/renboy.com.tr\/#website"},"primaryImageOfPage":{"@id":"https:\/\/renboy.com.tr\/index.php\/sample-page\/#primaryimage"},"image":{"@id":"https:\/\/renboy.com.tr\/index.php\/sample-page\/#primaryimage"},"thumbnailUrl":"https:\/\/renboy.com.tr\/wp-content\/uploads\/2025\/06\/fabrika-min-scaled.jpg","datePublished":"2025-05-28T10:39:11+00:00","dateModified":"2025-06-15T14:28:46+00:00","breadcrumb":{"@id":"https:\/\/renboy.com.tr\/index.php\/sample-page\/#breadcrumb"},"inLanguage":"tr","potentialAction":[{"@type":"ReadAction","target":["https:\/\/renboy.com.tr\/index.php\/sample-page\/"]}]},{"@type":"ImageObject","inLanguage":"tr","@id":"https:\/\/renboy.com.tr\/index.php\/sample-page\/#primaryimage","url":"https:\/\/renboy.com.tr\/wp-content\/uploads\/2025\/06\/fabrika-min-scaled.jpg","contentUrl":"https:\/\/renboy.com.tr\/wp-content\/uploads\/2025\/06\/fabrika-min-scaled.jpg","width":2560,"height":1707},{"@type":"BreadcrumbList","@id":"https:\/\/renboy.com.tr\/index.php\/sample-page\/#breadcrumb","itemListElement":[{"@type":"ListItem","position":1,"name":"Anasayfa","item":"https:\/\/renboy.com.tr\/"},{"@type":"ListItem","position":2,"name":"Hakk\u0131m\u0131zda"}]},{"@type":"WebSite","@id":"https:\/\/renboy.com.tr\/#website","url":"https:\/\/renboy.com.tr\/","name":"RENBOY","description":"","potentialAction":[{"@type":"SearchAction","target":{"@type":"EntryPoint","urlTemplate":"https:\/\/renboy.com.tr\/?s={search_term_string}"},"query-input":{"@type":"PropertyValueSpecification","valueRequired":true,"valueName":"search_term_string"}}],"inLanguage":"tr"}]}},"_links":{"self":[{"href":"https:\/\/renboy.com.tr\/index.php\/wp-json\/wp\/v2\/pages\/2","targetHints":{"allow":["GET"]}}],"collection":[{"href":"https:\/\/renboy.com.tr\/index.php\/wp-json\/wp\/v2\/pages"}],"about":[{"href":"https:\/\/renboy.com.tr\/index.php\/wp-json\/wp\/v2\/types\/page"}],"author":[{"embeddable":true,"href":"https:\/\/renboy.com.tr\/index.php\/wp-json\/wp\/v2\/users\/1"}],"replies":[{"embeddable":true,"href":"https:\/\/renboy.com.tr\/index.php\/wp-json\/wp\/v2\/comments?post=2"}],"version-history":[{"count":2,"href":"https:\/\/renboy.com.tr\/index.php\/wp-json\/wp\/v2\/pages\/2\/revisions"}],"predecessor-version":[{"id":173,"href":"https:\/\/renboy.com.tr\/index.php\/wp-json\/wp\/v2\/pages\/2\/revisions\/173"}],"wp:featuredmedia":[{"embeddable":true,"href":"https:\/\/renboy.com.tr\/index.php\/wp-json\/wp\/v2\/media\/60"}],"wp:attachment":[{"href":"https:\/\/renboy.com.tr\/index.php\/wp-json\/wp\/v2\/media?parent=2"}],"curies":[{"name":"wp","href":"https:\/\/api.w.org\/{rel}","templated":true}]}}